{"id":3,"date":"2023-03-05T20:51:00","date_gmt":"2023-03-05T20:51:00","guid":{"rendered":"https:\/\/luxurypremiumservices.com\/?page_id=3"},"modified":"2023-03-19T13:25:46","modified_gmt":"2023-03-19T13:25:46","slug":"privacy-policy","status":"publish","type":"page","link":"https:\/\/luxurypremiumservices.com\/en\/privacy-policy\/","title":{"rendered":"Nos Conditions"},"content":{"rendered":"<div id=\"fws_69d76c4adf6a2\"  data-column-margin=\"default\" data-midnight=\"dark\"  class=\"wpb_row vc_row-fluid vc_row full-width-section\"  style=\"padding-top: 0px; padding-bottom: 0px; \"><div class=\"row-bg-wrap\" data-bg-animation=\"none\" data-bg-animation-delay=\"\" data-bg-overlay=\"false\"><div class=\"inner-wrap row-bg-layer\" ><div class=\"row-bg viewport-desktop using-bg-color\"  style=\"background-color: #ffffff; \"><\/div><\/div><\/div><div class=\"row_col_wrap_12 col span_12 dark left\">\n\t<div  class=\"vc_col-sm-12 wpb_column column_container vc_column_container col no-extra-padding inherit_tablet inherit_phone\"  data-padding-pos=\"all\" data-has-bg-color=\"false\" data-bg-color=\"\" data-bg-opacity=\"1\" data-animation=\"\" data-delay=\"0\" >\n\t\t<div class=\"vc_column-inner\" >\n\t\t\t<div class=\"wpb_wrapper\">\n\t\t\t\t<div class=\"divider-wrap\" data-alignment=\"default\"><div style=\"height: 90px;\" class=\"divider\"><\/div><\/div><h3 style=\"color: #ac927b;text-align: center\" class=\"vc_custom_heading\" >TERMS OF SALES<\/h3><div class=\"divider-wrap\" data-alignment=\"default\"><div style=\"margin-top: 12.5px; height: 2px; margin-bottom: 12.5px;\" data-width=\"100%\" data-animate=\"yes\" data-animation-delay=\"\" data-color=\"extra-color-1\" class=\"divider-border\"><\/div><\/div><div class=\"divider-wrap\" data-alignment=\"default\"><div style=\"height: 25px;\" class=\"divider\"><\/div><\/div>\n<div class=\"wpb_text_column wpb_content_element\" >\n\t<div class=\"wpb_wrapper\">\n\t\t<h4 class=\"wp-block-heading\"><span style=\"color: #ac927b;\">VEHICLE WITH INDIVIDUAL DRIVER, TRANSPORTATION OF PERSONS.<\/span><\/h4>\n<p>The prices indicated in our tariffs include the VAT at the rate fixed by the regulations in force for the services of transport (*), the driver service, unlimited fuel and insurance for \"people transported\". Tolls, carpark expenses and meals are at the charge of the persons transported. Luggage is accepted within the limit of 30 kg per person and remains in the custody of each person transported. Upon request, a transport card can be issued to the person transported upon completion of the transportation service.<\/p>\n<h4><span style=\"color: #ac927b;\">MEANS OF PAYMENT ACCEPTED<\/span><\/h4>\n<p>Esp\u00e8ces, ch\u00e8ques, cartes bancaires (Visa ou Master Car). Toute prestation de transport est payable comptant \u00e0 son ach\u00e8vement ; si la personne transport\u00e9e poss\u00e8de la qualit\u00e9 de \u00ab client en compte \u00bb, la prestation donne lieu \u00e0 la facturation payable \u00e0 r\u00e9ception, avant le 12 du mois suivant celui de son ex\u00e9cution. Toute r\u00e9clamation n\u2019est recevable que dans les 7 jours de l\u2019ex\u00e9cution de la prestation de transport concern\u00e9e. Tout diff\u00e9rend rel\u00e8ve des Tribunaux au lieu du Si\u00e8ge Social de la soci\u00e9t\u00e9 Luxury Premium Services.<\/p>\n<h4><span style=\"color: #ac927b;\">(*) VAT RATES APPLIED<\/span><\/h4>\n<p>20% (taux qui serait \u00e0 actualiser en cas de changement par toutes dispositions l\u00e9gislatives et\/ou r\u00e9glementaires).<\/p>\n<h4><span style=\"color: #ac927b;\">VERY IMPORTANT<\/span><\/h4>\n<p class=\"TresImportant\">The transportation of persons for a fee is a regulated activity. Only legally authorized vehicles (Grande Remise, Occasional Transport) can perform this service. We would like to warn you against certain organizations using unlicensed cars that are out of legality and cannot offer you any guarantee.<\/p>\n<p>&nbsp;<\/p>\n<h3 class=\"separateur\" style=\"text-align: center;\"><span style=\"color: #ac927b;\">GENERAL RENTAL CONDITIONS<\/span><\/h3>\n<h4><span style=\"color: #ac927b;\">EXTRACT<\/span><\/h4>\n<p>Our prices are expressed in Euros T.T.C. (T.V.A. 20% included). They must be agreed for 24 hours. Beyond that an extra day will be charged. Our prices include the mileage indicated on each contract, civil liability, unlimited third-party collision, fire-theft and (after deduction of the non-redeemable excess of the vehicle, when all or part of the driver's liability is incurred, or without the possibility of recourse to a third party), body damage following an accident insurance, maintenance, except the consumed fuel which remains at the tenant charge.<\/p>\n<p>Any damage occurred to the upper parts of the vehicle and underbody shocks are excluded, as are goods being transported, rips and punctures of tires, parking fees, impound fees, and all other miscellaneous expenses are at the burden of the tenant when his responsibility is engaged. The specific removable material (access ramp, reels, straps, safety belts etc.) must be returned with the vehicle. Any material not returned or damaged will be charged. Window breaks are not covered. The driver will be deprived of his insurance in case of drunk driving or under the influence of narcotics.<\/p>\n<h4><span style=\"color: #ac927b;\">NECESSARY DOCUMENTS<\/span><\/h4>\n<p>Carte bancaire accr\u00e9dit\u00e9e par Luxury Premium Services, ch\u00e8que bancaire (apr\u00e8s qualification), pi\u00e8ce d&rsquo;identit\u00e9, permis de conduire de plus de 3 ans, justificatif de domicile, un bon de commande (pour les entreprises) avec un ch\u00e8que bancaire (apr\u00e8s qualification). Dans tous les cas une pr\u00e9-autorisation sera demand\u00e9e.<\/p>\n<h4><span style=\"color: #ac927b;\">RENTAL CONDITIONS<\/span><\/h4>\n<p>Le conducteur sera \u00e2g\u00e9 de 25 ans minimum, et titulaire d&rsquo;un permis de conduire de plus de 3 ans. Hormis certaines cat\u00e9gories de v\u00e9hicules ; voiture de sport et cat\u00e9gorie haut de gamme, o\u00f9 le titulaire devra \u00eatre en possession d\u2019un permis de conduire depuis plus de 5 ans et \u00eatre \u00e2g\u00e9 de 25 ans minimum. Conducteur de moins de 25 ans, majoration de 12,00 \u20ac TTC par location. Conducteur additionnel : 30,00 \u20ac TTC par location, avec un maximum de 2 conducteurs.<\/p>\n<h4><span style=\"color: #ac927b;\">ABANDONING OF THE VEHICLE<\/span><\/h4>\n<p>Unless previously agreed in writing by the renter, the vehicle must be returned to the agency that has established the rental contract. In the event of \u201cforce majeure\u201d, any repatriation and inherent miscellaneous expenses will remain at the total expense of the customer.<\/p>\n<p class=\"contactezNotreAgence\">For more information,<a href=\"https:\/\/www.luxurypremiumservices.fr\/contact.html\">\u00a0<span class=\"contactezNous\" style=\"color: #ac927b;\">contact<\/span><\/a><span style=\"color: #ac927b;\">\u00a0<\/span>our agency.<\/p>\n<p>\u00a0<\/p>\n\t<\/div>\n<\/div>\n\n\n\n\n\t\t\t<\/div> \n\t\t<\/div>\n\t<\/div> \n<\/div><\/div>","protected":false},"excerpt":{"rendered":"CONDITIONS G\u00c9N\u00c9RALES DE VENTE V\u00c9HICULE AVEC CHAUFFEUR PARTICULIER, TRANSPORT DE PERSONNES Les prix indiqu\u00e9s dans...","protected":false},"author":1,"featured_media":0,"parent":0,"menu_order":0,"comment_status":"closed","ping_status":"open","template":"","meta":{"footnotes":""},"class_list":["post-3","page","type-page","status-publish"],"yoast_head":"<!-- This site is optimized with the Yoast SEO plugin v27.3 - https:\/\/yoast.com\/product\/yoast-seo-wordpress\/ -->\n<title>Nos Conditions - luxury premium services<\/title>\n<meta name=\"robots\" content=\"index, follow, max-snippet:-1, max-image-preview:large, max-video-preview:-1\" \/>\n<link rel=\"canonical\" href=\"https:\/\/luxurypremiumservices.com\/en\/privacy-policy\/\" \/>\n<meta property=\"og:locale\" content=\"en_GB\" \/>\n<meta property=\"og:type\" content=\"article\" \/>\n<meta property=\"og:title\" content=\"Nos Conditions - luxury premium services\" \/>\n<meta property=\"og:url\" content=\"https:\/\/luxurypremiumservices.com\/en\/privacy-policy\/\" \/>\n<meta property=\"og:site_name\" content=\"luxury premium services\" \/>\n<meta property=\"article:modified_time\" content=\"2023-03-19T13:25:46+00:00\" \/>\n<meta name=\"twitter:card\" content=\"summary_large_image\" \/>\n<meta name=\"twitter:label1\" content=\"Estimated reading time\" \/>\n\t<meta name=\"twitter:data1\" content=\"4 minutes\" \/>\n<script type=\"application\/ld+json\" class=\"yoast-schema-graph\">{\"@context\":\"https:\\\/\\\/schema.org\",\"@graph\":[{\"@type\":\"WebPage\",\"@id\":\"https:\\\/\\\/luxurypremiumservices.com\\\/privacy-policy\\\/\",\"url\":\"https:\\\/\\\/luxurypremiumservices.com\\\/privacy-policy\\\/\",\"name\":\"Nos Conditions - luxury premium services\",\"isPartOf\":{\"@id\":\"https:\\\/\\\/luxurypremiumservices.com\\\/#website\"},\"datePublished\":\"2023-03-05T20:51:00+00:00\",\"dateModified\":\"2023-03-19T13:25:46+00:00\",\"breadcrumb\":{\"@id\":\"https:\\\/\\\/luxurypremiumservices.com\\\/privacy-policy\\\/#breadcrumb\"},\"inLanguage\":\"en-GB\",\"potentialAction\":[{\"@type\":\"ReadAction\",\"target\":[\"https:\\\/\\\/luxurypremiumservices.com\\\/privacy-policy\\\/\"]}]},{\"@type\":\"BreadcrumbList\",\"@id\":\"https:\\\/\\\/luxurypremiumservices.com\\\/privacy-policy\\\/#breadcrumb\",\"itemListElement\":[{\"@type\":\"ListItem\",\"position\":1,\"name\":\"Home\",\"item\":\"https:\\\/\\\/luxurypremiumservices.com\\\/\"},{\"@type\":\"ListItem\",\"position\":2,\"name\":\"Nos Conditions\"}]},{\"@type\":\"WebSite\",\"@id\":\"https:\\\/\\\/luxurypremiumservices.com\\\/#website\",\"url\":\"https:\\\/\\\/luxurypremiumservices.com\\\/\",\"name\":\"luxury premium services\",\"description\":\"\",\"potentialAction\":[{\"@type\":\"SearchAction\",\"target\":{\"@type\":\"EntryPoint\",\"urlTemplate\":\"https:\\\/\\\/luxurypremiumservices.com\\\/?s={search_term_string}\"},\"query-input\":{\"@type\":\"PropertyValueSpecification\",\"valueRequired\":true,\"valueName\":\"search_term_string\"}}],\"inLanguage\":\"en-GB\"}]}<\/script>\n<!-- \/ Yoast SEO plugin. -->","yoast_head_json":{"title":"Nos Conditions - luxury premium services","robots":{"index":"index","follow":"follow","max-snippet":"max-snippet:-1","max-image-preview":"max-image-preview:large","max-video-preview":"max-video-preview:-1"},"canonical":"https:\/\/luxurypremiumservices.com\/en\/privacy-policy\/","og_locale":"en_GB","og_type":"article","og_title":"Nos Conditions - luxury premium services","og_url":"https:\/\/luxurypremiumservices.com\/en\/privacy-policy\/","og_site_name":"luxury premium services","article_modified_time":"2023-03-19T13:25:46+00:00","twitter_card":"summary_large_image","twitter_misc":{"Estimated reading time":"4 minutes"},"schema":{"@context":"https:\/\/schema.org","@graph":[{"@type":"WebPage","@id":"https:\/\/luxurypremiumservices.com\/privacy-policy\/","url":"https:\/\/luxurypremiumservices.com\/privacy-policy\/","name":"Nos Conditions - luxury premium services","isPartOf":{"@id":"https:\/\/luxurypremiumservices.com\/#website"},"datePublished":"2023-03-05T20:51:00+00:00","dateModified":"2023-03-19T13:25:46+00:00","breadcrumb":{"@id":"https:\/\/luxurypremiumservices.com\/privacy-policy\/#breadcrumb"},"inLanguage":"en-GB","potentialAction":[{"@type":"ReadAction","target":["https:\/\/luxurypremiumservices.com\/privacy-policy\/"]}]},{"@type":"BreadcrumbList","@id":"https:\/\/luxurypremiumservices.com\/privacy-policy\/#breadcrumb","itemListElement":[{"@type":"ListItem","position":1,"name":"Home","item":"https:\/\/luxurypremiumservices.com\/"},{"@type":"ListItem","position":2,"name":"Nos Conditions"}]},{"@type":"WebSite","@id":"https:\/\/luxurypremiumservices.com\/#website","url":"https:\/\/luxurypremiumservices.com\/","name":"luxury premium services","description":"","potentialAction":[{"@type":"SearchAction","target":{"@type":"EntryPoint","urlTemplate":"https:\/\/luxurypremiumservices.com\/?s={search_term_string}"},"query-input":{"@type":"PropertyValueSpecification","valueRequired":true,"valueName":"search_term_string"}}],"inLanguage":"en-GB"}]}},"jetpack_sharing_enabled":true,"_links":{"self":[{"href":"https:\/\/luxurypremiumservices.com\/en\/wp-json\/wp\/v2\/pages\/3","targetHints":{"allow":["GET"]}}],"collection":[{"href":"https:\/\/luxurypremiumservices.com\/en\/wp-json\/wp\/v2\/pages"}],"about":[{"href":"https:\/\/luxurypremiumservices.com\/en\/wp-json\/wp\/v2\/types\/page"}],"author":[{"embeddable":true,"href":"https:\/\/luxurypremiumservices.com\/en\/wp-json\/wp\/v2\/users\/1"}],"replies":[{"embeddable":true,"href":"https:\/\/luxurypremiumservices.com\/en\/wp-json\/wp\/v2\/comments?post=3"}],"version-history":[{"count":19,"href":"https:\/\/luxurypremiumservices.com\/en\/wp-json\/wp\/v2\/pages\/3\/revisions"}],"predecessor-version":[{"id":6708,"href":"https:\/\/luxurypremiumservices.com\/en\/wp-json\/wp\/v2\/pages\/3\/revisions\/6708"}],"wp:attachment":[{"href":"https:\/\/luxurypremiumservices.com\/en\/wp-json\/wp\/v2\/media?parent=3"}],"curies":[{"name":"wp","href":"https:\/\/api.w.org\/{rel}","templated":true}]}}