{"id":6219,"date":"2017-02-07T15:05:43","date_gmt":"2017-02-07T15:05:43","guid":{"rendered":"http:\/\/themenectar.com\/demo\/salient-startup\/?page_id=6"},"modified":"2023-03-20T09:35:17","modified_gmt":"2023-03-20T09:35:17","slug":"lp-drive","status":"publish","type":"page","link":"https:\/\/luxurypremiumservices.com\/en\/lp-drive\/","title":{"rendered":"LP Drive"},"content":{"rendered":"<div id=\"fws_69d782260b117\"  data-column-margin=\"default\" data-midnight=\"dark\" data-top-percent=\"7%\" data-bottom-percent=\"2%\"  class=\"wpb_row vc_row-fluid vc_row full-width-section\"  style=\"padding-top: calc(100vw * 0.07); padding-bottom: calc(100vw * 0.02); \"><div class=\"row-bg-wrap\" data-bg-animation=\"none\" data-bg-animation-delay=\"\" data-bg-overlay=\"false\"><div class=\"inner-wrap row-bg-layer\" ><div class=\"row-bg viewport-desktop using-bg-color\"  style=\"background-color: #ffffff; \"><\/div><\/div><\/div><div class=\"row_col_wrap_12 col span_12 dark left\">\n\t<div  class=\"vc_col-sm-6 wpb_column column_container vc_column_container col no-extra-padding inherit_tablet inherit_phone\"  data-padding-pos=\"all\" data-has-bg-color=\"false\" data-bg-color=\"\" data-bg-opacity=\"1\" data-animation=\"\" data-delay=\"0\" >\n\t\t<div class=\"vc_column-inner\" >\n\t\t\t<div class=\"wpb_wrapper\">\n\t\t\t\t<h2 style=\"color: #ac927b;text-align: center\" class=\"vc_custom_heading\" >LP DRIVE<\/h2><div class=\"divider-wrap\" data-alignment=\"default\"><div style=\"margin-top: 12.5px; height: 2px; margin-bottom: 12.5px;\" data-width=\"100%\" data-animate=\"yes\" data-animation-delay=\"\" data-color=\"extra-color-1\" class=\"divider-border\"><\/div><\/div><div class=\"divider-wrap\" data-alignment=\"default\"><div style=\"height: 25px;\" class=\"divider\"><\/div><\/div>\n<div class=\"wpb_text_column wpb_content_element  vc_custom_1678137337075\" >\n\t<div class=\"wpb_wrapper\">\n\t\t<p><span style=\"color: #ac927b;\">LP Drive<\/span> is specialized in the renting of luxury premium vehicles with driver in France and in the major European cities.<\/p>\n<p>The team <span style=\"color: #ac927b;\">LP DRIVE<\/span> offers professional and experimented drivers, in case of unforeseen circumstances, we replace them without delay.<\/p>\n<p>Reactivity, Availability and Confidentiality are our key strengths.<\/p>\n<p style=\"text-align: left;\"><span class=\"textHeader\"><span style=\"color: #ac927b;\">LP DRIVE OFFERS SOLUTIONS ADAPTED TO YOUR REQUESTS TO ACCOMPANY YOU THROUGHOUT YOUR MOVEMENTS, WHETHER THEY ARE IN A PROFESSIONAL OR PRIVATE FRAMEWORK.<\/span>.<\/span><\/p>\n\t<\/div>\n<\/div>\n\n\n\n\n\t\t\t<\/div> \n\t\t<\/div>\n\t<\/div> \n\n\t<div  class=\"vc_col-sm-6 wpb_column column_container vc_column_container col centered-text padding-4-percent inherit_tablet inherit_phone\"  data-padding-pos=\"all\" data-has-bg-color=\"false\" data-bg-color=\"\" data-bg-opacity=\"1\" data-animation=\"\" data-delay=\"0\" >\n\t\t<div class=\"vc_column-inner\" >\n\t\t\t<div class=\"wpb_wrapper\">\n\t\t\t\t<div id=\"fws_69d782260d01a\" data-midnight=\"\" data-column-margin=\"default\" class=\"wpb_row vc_row-fluid vc_row inner_row\"  style=\"\"><div class=\"row-bg-wrap\"> <div class=\"row-bg\" ><\/div> <\/div><div class=\"row_col_wrap_12_inner col span_12  left\">\n\t<div  class=\"vc_col-sm-12 wpb_column column_container vc_column_container col child_column has-animation no-extra-padding inherit_tablet inherit_phone\"   data-padding-pos=\"all\" data-has-bg-color=\"false\" data-bg-color=\"\" data-bg-opacity=\"1\" data-animation=\"fade-in-from-bottom\" data-delay=\"0\" >\n\t\t<div class=\"vc_column-inner\" >\n\t\t<div class=\"wpb_wrapper\">\n\t\t\t<div class=\"nectar_cascading_images\" data-border-radius=\"none\" data-parallax=\"\" data-parallax-intensity=\"subtle\" data-animation-timing=\"175\"><div class=\"cascading-image\" data-has-img=\"false\" style=\" padding:19%;\" data-max-width=\"100%\" data-max-width-mobile=\"100%\" data-animation=\"grow-in\" data-shadow=\"none\"><div class=\"inner-wrap\"><div class=\"bg-layer\" data-scale=\"1\" style=\"transform: scale(1)\"><div class=\"bg-color\" style=\" -webkit-transform:translateX(0%) translateY(0%) ; -ms-transform:translateX(0%) translateY(0%) ; transform: translateX(0%) translateY(0%) ; background-color: #787a79;\" data-has-bg-color=\"true\"><\/div><\/div><\/div><\/div><div class=\"cascading-image\" data-has-img=\"true\" style=\" padding:19%;\" data-max-width=\"150%\" data-max-width-mobile=\"100%\" data-animation=\"grow-in\" data-shadow=\"none\"><div class=\"inner-wrap\"><div class=\"bg-layer\" data-scale=\"1\" style=\"transform: scale(1)\"><div style=\" -webkit-transform:translateX(25%) translateY(30%) ; transform:translateX(25%) translateY(30%) ;\" class=\"img-wrap\"> <img loading=\"lazy\" decoding=\"async\" src=\"https:\/\/luxurypremiumservices.com\/wp-content\/uploads\/2023\/03\/LPS-HOME.jpeg\" srcset=\"https:\/\/luxurypremiumservices.com\/wp-content\/uploads\/2023\/03\/LPS-HOME.jpeg 1200w, https:\/\/luxurypremiumservices.com\/wp-content\/uploads\/2023\/03\/LPS-HOME-300x200.jpeg 300w, https:\/\/luxurypremiumservices.com\/wp-content\/uploads\/2023\/03\/LPS-HOME-1024x683.jpeg 1024w, https:\/\/luxurypremiumservices.com\/wp-content\/uploads\/2023\/03\/LPS-HOME-768x512.jpeg 768w, https:\/\/luxurypremiumservices.com\/wp-content\/uploads\/2023\/03\/LPS-HOME-18x12.jpeg 18w, https:\/\/luxurypremiumservices.com\/wp-content\/uploads\/2023\/03\/LPS-HOME-900x600.jpeg 900w\" sizes=\"auto, (min-width: 1000px) 55vw, 100vw\" height=\"800\" width=\"1200\" class=\"skip-lazy\" alt=\"\" \/> <\/div><\/div><\/div><\/div><div class=\"cascading-image\" data-has-img=\"true\" style=\" padding:19%;\" data-max-width=\"150%\" data-max-width-mobile=\"100%\" data-animation=\"fade-in\" data-shadow=\"none\"><div class=\"inner-wrap\"><div class=\"bg-layer\" data-scale=\"1\" style=\"transform: scale(1)\"><div class=\"bg-color\" style=\" -webkit-transform:translateX(-15%) translateY(-30%) ; -ms-transform:translateX(-15%) translateY(-30%) ; transform: translateX(-15%) translateY(-30%) ; background-color: #ffffff;\" data-has-bg-color=\"true\"><\/div><div style=\" -webkit-transform:translateX(-15%) translateY(-30%) ; transform:translateX(-15%) translateY(-30%) ;\" class=\"img-wrap\"> <img loading=\"lazy\" decoding=\"async\" src=\"https:\/\/luxurypremiumservices.com\/wp-content\/uploads\/2023\/03\/image1.jpg\" srcset=\"https:\/\/luxurypremiumservices.com\/wp-content\/uploads\/2023\/03\/image1.jpg 480w, https:\/\/luxurypremiumservices.com\/wp-content\/uploads\/2023\/03\/image1-300x178.jpg 300w\" sizes=\"auto, (min-width: 1000px) 55vw, 100vw\" height=\"284\" width=\"480\" class=\"skip-lazy\" alt=\"\" \/> <\/div><\/div><\/div><\/div><\/div>\n\t\t<\/div> \n\t<\/div>\n\t<\/div> \n<\/div><\/div>\n\t\t\t<\/div> \n\t\t<\/div>\n\t<\/div> \n<\/div><\/div>\n\t\t<div id=\"fws_69d782260eada\"  data-column-margin=\"default\" data-midnight=\"dark\" data-top-percent=\"10%\" data-bottom-percent=\"10%\"  class=\"wpb_row vc_row-fluid vc_row full-width-section\"  style=\"padding-top: calc(100vw * 0.10); padding-bottom: calc(100vw * 0.10); \"><div class=\"row-bg-wrap\" data-bg-animation=\"none\" data-bg-animation-delay=\"\" data-bg-overlay=\"false\"><div class=\"inner-wrap row-bg-layer\" ><div class=\"row-bg viewport-desktop using-bg-color\"  style=\"background-color: #ffffff; \"><\/div><\/div><\/div><div class=\"row_col_wrap_12 col span_12 dark left\">\n\t<div  class=\"vc_col-sm-12 wpb_column column_container vc_column_container col has-animation no-extra-padding inherit_tablet inherit_phone\"  data-padding-pos=\"all\" data-has-bg-color=\"false\" data-bg-color=\"\" data-bg-opacity=\"1\" data-animation=\"fade-in-from-bottom\" data-delay=\"0\" >\n\t\t<div class=\"vc_column-inner\" >\n\t\t\t<div class=\"wpb_wrapper\">\n\t\t\t\t<div id=\"fws_69d782260ee6e\" data-midnight=\"\" data-column-margin=\"default\" class=\"wpb_row vc_row-fluid vc_row inner_row  reverse_columns_column_phone\"  style=\"\"><div class=\"row-bg-wrap\"> <div class=\"row-bg\" ><\/div> <\/div><div class=\"row_col_wrap_12_inner col span_12  left\">\n\t<div  class=\"vc_col-sm-12 wpb_column column_container vc_column_container col child_column centered-text no-extra-padding inherit_tablet inherit_phone\"   data-padding-pos=\"all\" data-has-bg-color=\"false\" data-bg-color=\"\" data-bg-opacity=\"1\" data-animation=\"\" data-delay=\"0\" >\n\t\t<div class=\"vc_column-inner\" >\n\t\t<div class=\"wpb_wrapper\">\n\t\t\t\n<div class=\"wpb_text_column wpb_content_element  vc_custom_1678302460727\" >\n\t<div class=\"wpb_wrapper\">\n\t\t<h3 style=\"text-align: center;\">NOS TARIFS &#8211; PRICE LIST<\/h3>\n\t<\/div>\n<\/div>\n\n\n\n\n\t\t<\/div> \n\t<\/div>\n\t<\/div> \n<\/div><\/div><div class=\"divider-wrap\" data-alignment=\"center\"><div style=\"margin-top: 12.5px; width: 20%px; height: 2px; margin-bottom: 12.5px;\" data-width=\"20%\" data-animate=\"yes\" data-animation-delay=\"\" data-color=\"extra-color-1\" class=\"divider-small-border\"><\/div><\/div><p style=\"color: rgba(10,10,10,0.65);text-align: center\" class=\"vc_custom_heading\" >Les prix affich\u00e9s incluent le services avec chauffeur, l'assurance et les frais de carburant - Price are including driver services, insurance policy and unlimited fuel.<\/p>\n<div class=\"wpb_text_column wpb_content_element\" >\n\t<div class=\"wpb_wrapper\">\n\t\t\n<table id=\"tablepress-1\" class=\"tablepress tablepress-id-1\">\n<tbody class=\"row-hover\">\n<tr class=\"row-1\">\n\t<td class=\"column-1\">             Car model<\/td><td class=\"column-2\">Mise \u00c0 Dispo Prix \/Jour*<\/td><td class=\"column-3\">Additional hour<\/td>\n<\/tr>\n<tr class=\"row-2\">\n\t<td class=\"column-1\">             Class E<\/td><td class=\"column-2\">                   600\u20ac<\/td><td class=\"column-3\">                   60\u20ac<\/td>\n<\/tr>\n<tr class=\"row-3\">\n\t<td class=\"column-1\">             Class V<\/td><td class=\"column-2\">                   650\u20ac<\/td><td class=\"column-3\">                   60\u20ac<\/td>\n<\/tr>\n<tr class=\"row-4\">\n\t<td class=\"column-1\">             Class S 350**<\/td><td class=\"column-2\">                   850\u20ac<\/td><td class=\"column-3\">                   100\u20ac<\/td>\n<\/tr>\n<tr class=\"row-5\">\n\t<td class=\"column-1\">             Class S 580<\/td><td class=\"column-2\">                   950\u20ac<\/td><td class=\"column-3\">                   100\u20ac<\/td>\n<\/tr>\n<tr class=\"row-6\">\n\t<td class=\"column-1\">      Class S Maybach<\/td><td class=\"column-2\">                   1100\u20ac<\/td><td class=\"column-3\">                   150\u20ac<\/td>\n<\/tr>\n<tr class=\"row-7\">\n\t<td class=\"column-1\">      Range Rover Sport**<\/td><td class=\"column-2\">                   1100\u20ac<\/td><td class=\"column-3\">                   150\u20ac<\/td>\n<\/tr>\n<tr class=\"row-8\">\n\t<td class=\"column-1\">          Range Rover<\/td><td class=\"column-2\">                   1400\u20ac<\/td><td class=\"column-3\">                   180\u20ac<\/td>\n<\/tr>\n<\/tbody>\n<\/table>\n<!-- #tablepress-1 from cache -->\n\t<\/div>\n<\/div>\n\n\n\n\n<div class=\"wpb_text_column wpb_content_element\" >\n\t<div class=\"wpb_wrapper\">\n\t\t<p><strong>*Les prix indiqu\u00e9s sont pour une dur\u00e9e de contrat inf\u00e9rieur \u00e0 7 jours, au-del\u00e0 nous effectuons un devis.<br \/>\n<\/strong><strong>Other models on request\u00a0<\/strong><\/p>\n\t<\/div>\n<\/div>\n\n\n\n\n\t\t\t<\/div> \n\t\t<\/div>\n\t<\/div> \n<\/div><\/div>\n\t\t<div id=\"fws_69d7822611205\"  data-column-margin=\"default\" data-midnight=\"dark\"  class=\"wpb_row vc_row-fluid vc_row\"  style=\"padding-top: 0px; padding-bottom: 0px; \"><div class=\"row-bg-wrap\" data-bg-animation=\"none\" data-bg-animation-delay=\"\" data-bg-overlay=\"false\"><div class=\"inner-wrap row-bg-layer\" ><div class=\"row-bg viewport-desktop\"  style=\"\"><\/div><\/div><\/div><div class=\"row_col_wrap_12 col span_12 dark left\">\n\t<div  class=\"vc_col-sm-12 wpb_column column_container vc_column_container col no-extra-padding inherit_tablet inherit_phone\"  data-padding-pos=\"all\" data-has-bg-color=\"false\" data-bg-color=\"\" data-bg-opacity=\"1\" data-animation=\"\" data-delay=\"0\" >\n\t\t<div class=\"vc_column-inner\" >\n\t\t\t<div class=\"wpb_wrapper\">\n\t\t\t\t\n\t\t\t<\/div> \n\t\t<\/div>\n\t<\/div> \n<\/div><\/div>","protected":false},"excerpt":{"rendered":"LP DRIVE LP Drive est sp\u00e9cialis\u00e9 dans la location de v\u00e9hicules haut de gamme avec...","protected":false},"author":1,"featured_media":0,"parent":0,"menu_order":0,"comment_status":"closed","ping_status":"closed","template":"","meta":{"footnotes":""},"class_list":["post-6219","page","type-page","status-publish"],"yoast_head":"<!-- This site is optimized with the Yoast SEO plugin v27.3 - https:\/\/yoast.com\/product\/yoast-seo-wordpress\/ -->\n<title>LP Drive - luxury premium services<\/title>\n<meta name=\"robots\" content=\"index, follow, max-snippet:-1, max-image-preview:large, max-video-preview:-1\" \/>\n<link rel=\"canonical\" href=\"https:\/\/luxurypremiumservices.com\/en\/lp-drive\/\" \/>\n<meta property=\"og:locale\" content=\"en_GB\" \/>\n<meta property=\"og:type\" content=\"article\" \/>\n<meta property=\"og:title\" content=\"LP Drive - luxury premium services\" \/>\n<meta property=\"og:url\" content=\"https:\/\/luxurypremiumservices.com\/en\/lp-drive\/\" \/>\n<meta property=\"og:site_name\" content=\"luxury premium services\" \/>\n<meta property=\"article:modified_time\" content=\"2023-03-20T09:35:17+00:00\" \/>\n<meta name=\"twitter:card\" content=\"summary_large_image\" \/>\n<meta name=\"twitter:label1\" content=\"Estimated reading time\" \/>\n\t<meta name=\"twitter:data1\" content=\"3 minutes\" \/>\n<script type=\"application\/ld+json\" class=\"yoast-schema-graph\">{\"@context\":\"https:\\\/\\\/schema.org\",\"@graph\":[{\"@type\":\"WebPage\",\"@id\":\"https:\\\/\\\/luxurypremiumservices.com\\\/lp-drive\\\/\",\"url\":\"https:\\\/\\\/luxurypremiumservices.com\\\/lp-drive\\\/\",\"name\":\"LP Drive - luxury premium services\",\"isPartOf\":{\"@id\":\"https:\\\/\\\/luxurypremiumservices.com\\\/#website\"},\"datePublished\":\"2017-02-07T15:05:43+00:00\",\"dateModified\":\"2023-03-20T09:35:17+00:00\",\"breadcrumb\":{\"@id\":\"https:\\\/\\\/luxurypremiumservices.com\\\/lp-drive\\\/#breadcrumb\"},\"inLanguage\":\"en-GB\",\"potentialAction\":[{\"@type\":\"ReadAction\",\"target\":[\"https:\\\/\\\/luxurypremiumservices.com\\\/lp-drive\\\/\"]}]},{\"@type\":\"BreadcrumbList\",\"@id\":\"https:\\\/\\\/luxurypremiumservices.com\\\/lp-drive\\\/#breadcrumb\",\"itemListElement\":[{\"@type\":\"ListItem\",\"position\":1,\"name\":\"Home\",\"item\":\"https:\\\/\\\/luxurypremiumservices.com\\\/\"},{\"@type\":\"ListItem\",\"position\":2,\"name\":\"LP Drive\"}]},{\"@type\":\"WebSite\",\"@id\":\"https:\\\/\\\/luxurypremiumservices.com\\\/#website\",\"url\":\"https:\\\/\\\/luxurypremiumservices.com\\\/\",\"name\":\"luxury premium services\",\"description\":\"\",\"potentialAction\":[{\"@type\":\"SearchAction\",\"target\":{\"@type\":\"EntryPoint\",\"urlTemplate\":\"https:\\\/\\\/luxurypremiumservices.com\\\/?s={search_term_string}\"},\"query-input\":{\"@type\":\"PropertyValueSpecification\",\"valueRequired\":true,\"valueName\":\"search_term_string\"}}],\"inLanguage\":\"en-GB\"}]}<\/script>\n<!-- \/ Yoast SEO plugin. -->","yoast_head_json":{"title":"LP Drive - luxury premium services","robots":{"index":"index","follow":"follow","max-snippet":"max-snippet:-1","max-image-preview":"max-image-preview:large","max-video-preview":"max-video-preview:-1"},"canonical":"https:\/\/luxurypremiumservices.com\/en\/lp-drive\/","og_locale":"en_GB","og_type":"article","og_title":"LP Drive - luxury premium services","og_url":"https:\/\/luxurypremiumservices.com\/en\/lp-drive\/","og_site_name":"luxury premium services","article_modified_time":"2023-03-20T09:35:17+00:00","twitter_card":"summary_large_image","twitter_misc":{"Estimated reading time":"3 minutes"},"schema":{"@context":"https:\/\/schema.org","@graph":[{"@type":"WebPage","@id":"https:\/\/luxurypremiumservices.com\/lp-drive\/","url":"https:\/\/luxurypremiumservices.com\/lp-drive\/","name":"LP Drive - luxury premium services","isPartOf":{"@id":"https:\/\/luxurypremiumservices.com\/#website"},"datePublished":"2017-02-07T15:05:43+00:00","dateModified":"2023-03-20T09:35:17+00:00","breadcrumb":{"@id":"https:\/\/luxurypremiumservices.com\/lp-drive\/#breadcrumb"},"inLanguage":"en-GB","potentialAction":[{"@type":"ReadAction","target":["https:\/\/luxurypremiumservices.com\/lp-drive\/"]}]},{"@type":"BreadcrumbList","@id":"https:\/\/luxurypremiumservices.com\/lp-drive\/#breadcrumb","itemListElement":[{"@type":"ListItem","position":1,"name":"Home","item":"https:\/\/luxurypremiumservices.com\/"},{"@type":"ListItem","position":2,"name":"LP Drive"}]},{"@type":"WebSite","@id":"https:\/\/luxurypremiumservices.com\/#website","url":"https:\/\/luxurypremiumservices.com\/","name":"luxury premium services","description":"","potentialAction":[{"@type":"SearchAction","target":{"@type":"EntryPoint","urlTemplate":"https:\/\/luxurypremiumservices.com\/?s={search_term_string}"},"query-input":{"@type":"PropertyValueSpecification","valueRequired":true,"valueName":"search_term_string"}}],"inLanguage":"en-GB"}]}},"jetpack_sharing_enabled":true,"_links":{"self":[{"href":"https:\/\/luxurypremiumservices.com\/en\/wp-json\/wp\/v2\/pages\/6219","targetHints":{"allow":["GET"]}}],"collection":[{"href":"https:\/\/luxurypremiumservices.com\/en\/wp-json\/wp\/v2\/pages"}],"about":[{"href":"https:\/\/luxurypremiumservices.com\/en\/wp-json\/wp\/v2\/types\/page"}],"author":[{"embeddable":true,"href":"https:\/\/luxurypremiumservices.com\/en\/wp-json\/wp\/v2\/users\/1"}],"replies":[{"embeddable":true,"href":"https:\/\/luxurypremiumservices.com\/en\/wp-json\/wp\/v2\/comments?post=6219"}],"version-history":[{"count":87,"href":"https:\/\/luxurypremiumservices.com\/en\/wp-json\/wp\/v2\/pages\/6219\/revisions"}],"predecessor-version":[{"id":6726,"href":"https:\/\/luxurypremiumservices.com\/en\/wp-json\/wp\/v2\/pages\/6219\/revisions\/6726"}],"wp:attachment":[{"href":"https:\/\/luxurypremiumservices.com\/en\/wp-json\/wp\/v2\/media?parent=6219"}],"curies":[{"name":"wp","href":"https:\/\/api.w.org\/{rel}","templated":true}]}}