{"id":6335,"date":"2023-03-06T18:13:02","date_gmt":"2023-03-06T18:13:02","guid":{"rendered":"https:\/\/luxurypremiumservices.com\/?page_id=6335"},"modified":"2023-03-20T09:37:37","modified_gmt":"2023-03-20T09:37:37","slug":"lp-rent","status":"publish","type":"page","link":"https:\/\/luxurypremiumservices.com\/en\/lp-rent\/","title":{"rendered":"LP Rent"},"content":{"rendered":"<div id=\"fws_69f0cd9b3df7d\"  data-column-margin=\"default\" data-midnight=\"dark\" data-top-percent=\"6%\" data-bottom-percent=\"8%\"  class=\"wpb_row vc_row-fluid vc_row full-width-section\"  style=\"padding-top: calc(100vw * 0.06); padding-bottom: calc(100vw * 0.08); \"><div class=\"row-bg-wrap\" data-bg-animation=\"none\" data-bg-animation-delay=\"\" data-bg-overlay=\"false\"><div class=\"inner-wrap row-bg-layer\" ><div class=\"row-bg viewport-desktop using-bg-color\"  style=\"background-color: #ffffff; \"><\/div><\/div><\/div><div class=\"row_col_wrap_12 col span_12 dark left\">\n\t<div  class=\"vc_col-sm-12 wpb_column column_container vc_column_container col no-extra-padding inherit_tablet inherit_phone\"  data-padding-pos=\"all\" data-has-bg-color=\"false\" data-bg-color=\"\" data-bg-opacity=\"1\" data-animation=\"\" data-delay=\"0\" >\n\t\t<div class=\"vc_column-inner\" >\n\t\t\t<div class=\"wpb_wrapper\">\n\t\t\t\t<div id=\"fws_69f0cd9b3e529\" data-midnight=\"\" data-column-margin=\"default\" class=\"wpb_row vc_row-fluid vc_row inner_row\"  style=\"padding-bottom: 60px; \"><div class=\"row-bg-wrap\"> <div class=\"row-bg\" ><\/div> <\/div><div class=\"row_col_wrap_12_inner col span_12  left\">\n\t<div  class=\"vc_col-sm-12 wpb_column column_container vc_column_container col child_column centered-text no-extra-padding inherit_tablet inherit_phone\"   data-padding-pos=\"all\" data-has-bg-color=\"false\" data-bg-color=\"\" data-bg-opacity=\"1\" data-animation=\"\" data-delay=\"0\" >\n\t\t<div class=\"vc_column-inner\" >\n\t\t<div class=\"wpb_wrapper\">\n\t\t\t<h2 style=\"color: #ac927b;text-align: center\" class=\"vc_custom_heading\" >LP RENT<\/h2><div class=\"divider-wrap\" data-alignment=\"center\"><div style=\"margin-top: 20px; width: 20%px; height: 2px; margin-bottom: 20px;\" data-width=\"20%\" data-animate=\"yes\" data-animation-delay=\"\" data-color=\"extra-color-1\" class=\"divider-small-border\"><\/div><\/div>\n<div class=\"wpb_text_column wpb_content_element\" style=\" max-width: 650px; display: inline-block;\">\n\t<div class=\"wpb_wrapper\">\n\t\t<p><span style=\"color: #ac927b;\">LP RENT<\/span> offers you a wide range of luxury vehicles adapted to your needs (Smart, Mini, Mercedes, BMW, Maserati, Bentley, Ferrari, Lamborghini, Rolls-Royce \u2026).<\/p>\n<p>Throughout the year the LP RENT team <span style=\"color: #ac927b;\">LP RENT<\/span> works to offer you new vehicles in exclusivity.<\/p>\n\t<\/div>\n<\/div>\n\n\n\n\n\t\t<\/div> \n\t<\/div>\n\t<\/div> \n<\/div><\/div><div id=\"fws_69f0cd9b3ec88\" data-midnight=\"\" data-column-margin=\"default\" class=\"wpb_row vc_row-fluid vc_row inner_row\"  style=\"\"><div class=\"row-bg-wrap\"> <div class=\"row-bg\" ><\/div> <\/div><div class=\"row_col_wrap_12_inner col span_12  left\">\n\t<div  class=\"vc_col-sm-4 wpb_column column_container vc_column_container col child_column has-animation no-extra-padding inherit_tablet inherit_phone\"   data-padding-pos=\"all\" data-has-bg-color=\"false\" data-bg-color=\"\" data-bg-opacity=\"1\" data-animation=\"grow-in\" data-delay=\"0\" >\n\t\t<div class=\"vc_column-inner\" >\n\t\t<div class=\"wpb_wrapper\">\n\t\t\t<div class=\"team-member\" data-style=\"bio_fullscreen\"><div class=\"team-member-image\"><div class=\"team-member-image-inner\"><img loading=\"lazy\" decoding=\"async\" src=\"https:\/\/luxurypremiumservices.com\/wp-content\/uploads\/2023\/03\/My-project-1-500x360.jpg\" width=\"500\" height=\"500\" alt=\"\" \/><\/div><\/div><div class=\"team-member-overlay\"><\/div>\n    <div class=\"team-meta\"><h3>SMART FORTWO<\/h3><p>Luxury Premium Services<\/p><div class=\"arrow-end fa fa-angle-right\"><\/div><div class=\"arrow-line\"><\/div><\/div>\n    <div class=\"nectar_team_bio_img\" data-img-src=\"\"><\/div>\n    <div class=\"nectar_team_bio\">SEMAINE : 400\u20ac<br \/>\nMOIS : 1200\u20ac<div class=\"bottom_meta\"><\/div><\/div>\n    <\/div><div class=\"divider-wrap\" data-alignment=\"default\"><div style=\"height: 25px;\" class=\"divider\"><\/div><\/div><div class=\"team-member\" data-style=\"bio_fullscreen\"><div class=\"team-member-image\"><div class=\"team-member-image-inner\"><img loading=\"lazy\" decoding=\"async\" src=\"https:\/\/luxurypremiumservices.com\/wp-content\/uploads\/2023\/03\/BMW-X6.jpeg\" width=\"500\" height=\"500\" alt=\"\" \/><\/div><\/div><div class=\"team-member-overlay\"><\/div>\n    <div class=\"team-meta\"><h3>BMW X6<\/h3><p>Luxury Premium Services<\/p><div class=\"arrow-end fa fa-angle-right\"><\/div><div class=\"arrow-line\"><\/div><\/div>\n    <div class=\"nectar_team_bio_img\" data-img-src=\"\"><\/div>\n    <div class=\"nectar_team_bio\">JOURN\u00c9E :900\u20ac<div class=\"bottom_meta\"><\/div><\/div>\n    <\/div><div class=\"divider-wrap\" data-alignment=\"default\"><div style=\"height: 25px;\" class=\"divider\"><\/div><\/div><div class=\"team-member\" data-style=\"bio_fullscreen\"><div class=\"team-member-image\"><div class=\"team-member-image-inner\"><img loading=\"lazy\" decoding=\"async\" src=\"https:\/\/luxurypremiumservices.com\/wp-content\/uploads\/2023\/03\/Range-Rover-Resize.jpg\" width=\"500\" height=\"500\" alt=\"\" \/><\/div><\/div><div class=\"team-member-overlay\"><\/div>\n    <div class=\"team-meta\"><h3>RANGE ROVER<\/h3><p>Luxury Premium Services<\/p><div class=\"arrow-end fa fa-angle-right\"><\/div><div class=\"arrow-line\"><\/div><\/div>\n    <div class=\"nectar_team_bio_img\" data-img-src=\"\"><\/div>\n    <div class=\"nectar_team_bio\">DEMANDER VOTRE DEVIS<div class=\"bottom_meta\"><\/div><\/div>\n    <\/div><div class=\"divider-wrap\" data-alignment=\"default\"><div style=\"height: 25px;\" class=\"divider\"><\/div><\/div><div class=\"team-member\" data-style=\"bio_fullscreen\"><div class=\"team-member-image\"><div class=\"team-member-image-inner\"><img loading=\"lazy\" decoding=\"async\" src=\"https:\/\/luxurypremiumservices.com\/wp-content\/uploads\/2023\/03\/Mercedes-Benz-Class-G63.jpeg\" width=\"500\" height=\"500\" alt=\"\" \/><\/div><\/div><div class=\"team-member-overlay\"><\/div>\n    <div class=\"team-meta\"><h3>MERCEDES CLASS G63<\/h3><p>Luxury Premium Services<\/p><div class=\"arrow-end fa fa-angle-right\"><\/div><div class=\"arrow-line\"><\/div><\/div>\n    <div class=\"nectar_team_bio_img\" data-img-src=\"\"><\/div>\n    <div class=\"nectar_team_bio\">JOURN\u00c9E : 1200\u20ac<div class=\"bottom_meta\"><\/div><\/div>\n    <\/div><div class=\"divider-wrap\" data-alignment=\"default\"><div style=\"height: 25px;\" class=\"divider\"><\/div><\/div><div class=\"team-member\" data-style=\"bio_fullscreen\"><div class=\"team-member-image\"><div class=\"team-member-image-inner\"><img loading=\"lazy\" decoding=\"async\" src=\"https:\/\/luxurypremiumservices.com\/wp-content\/uploads\/2023\/03\/Porsche-911-Resize.jpg\" width=\"500\" height=\"500\" alt=\"\" \/><\/div><\/div><div class=\"team-member-overlay\"><\/div>\n    <div class=\"team-meta\"><h3>PORSCHE 911<\/h3><p>Luxury Premium Services<\/p><div class=\"arrow-end fa fa-angle-right\"><\/div><div class=\"arrow-line\"><\/div><\/div>\n    <div class=\"nectar_team_bio_img\" data-img-src=\"\"><\/div>\n    <div class=\"nectar_team_bio\">DEMANDER VOTRE DEVIS<div class=\"bottom_meta\"><\/div><\/div>\n    <\/div>\n\t\t<\/div> \n\t<\/div>\n\t<\/div> \n\n\t<div  class=\"vc_col-sm-4 wpb_column column_container vc_column_container col child_column has-animation no-extra-padding inherit_tablet inherit_phone\"   data-padding-pos=\"all\" data-has-bg-color=\"false\" data-bg-color=\"\" data-bg-opacity=\"1\" data-animation=\"grow-in\" data-delay=\"0\" >\n\t\t<div class=\"vc_column-inner\" >\n\t\t<div class=\"wpb_wrapper\">\n\t\t\t<div class=\"team-member\" data-style=\"bio_fullscreen\"><div class=\"team-member-image\"><div class=\"team-member-image-inner\"><img loading=\"lazy\" decoding=\"async\" src=\"https:\/\/luxurypremiumservices.com\/wp-content\/uploads\/2023\/03\/Mon-projet-1-500x360.jpg\" width=\"500\" height=\"500\" alt=\"\" \/><\/div><\/div><div class=\"team-member-overlay\"><\/div>\n    <div class=\"team-meta\"><h3>FIAT 500<\/h3><p>Luxury Premium Services<\/p><div class=\"arrow-end fa fa-angle-right\"><\/div><div class=\"arrow-line\"><\/div><\/div>\n    <div class=\"nectar_team_bio_img\" data-img-src=\"\"><\/div>\n    <div class=\"nectar_team_bio\">SEMAINE: 400\u20ac<br \/>\nMOIS : 1200\u20ac<div class=\"bottom_meta\"><\/div><\/div>\n    <\/div><div class=\"divider-wrap\" data-alignment=\"default\"><div style=\"height: 25px;\" class=\"divider\"><\/div><\/div><div class=\"team-member\" data-style=\"bio_fullscreen\"><div class=\"team-member-image\"><div class=\"team-member-image-inner\"><img loading=\"lazy\" decoding=\"async\" src=\"https:\/\/luxurypremiumservices.com\/wp-content\/uploads\/2023\/03\/BMW-X5-Resize.jpg\" width=\"500\" height=\"500\" alt=\"\" \/><\/div><\/div><div class=\"team-member-overlay\"><\/div>\n    <div class=\"team-meta\"><h3>BMW X5<\/h3><p>Luxury Premium Services<\/p><div class=\"arrow-end fa fa-angle-right\"><\/div><div class=\"arrow-line\"><\/div><\/div>\n    <div class=\"nectar_team_bio_img\" data-img-src=\"\"><\/div>\n    <div class=\"nectar_team_bio\">JOURN\u00c9E : 750\u20ac<div class=\"bottom_meta\"><\/div><\/div>\n    <\/div><div class=\"divider-wrap\" data-alignment=\"default\"><div style=\"height: 25px;\" class=\"divider\"><\/div><\/div><div class=\"team-member\" data-style=\"bio_fullscreen\"><div class=\"team-member-image\"><div class=\"team-member-image-inner\"><img loading=\"lazy\" decoding=\"async\" src=\"https:\/\/luxurypremiumservices.com\/wp-content\/uploads\/2023\/03\/Range-Rover-Velar-Resize.jpg\" width=\"500\" height=\"500\" alt=\"\" \/><\/div><\/div><div class=\"team-member-overlay\"><\/div>\n    <div class=\"team-meta\"><h3>RANGE ROVER VELAR<\/h3><p>Luxury Premium Services<\/p><div class=\"arrow-end fa fa-angle-right\"><\/div><div class=\"arrow-line\"><\/div><\/div>\n    <div class=\"nectar_team_bio_img\" data-img-src=\"\"><\/div>\n    <div class=\"nectar_team_bio\">JOURN\u00c9E : 500\u20ac<br \/>\nWEEK END : 1300\u20ac<div class=\"bottom_meta\"><\/div><\/div>\n    <\/div><div class=\"divider-wrap\" data-alignment=\"default\"><div style=\"height: 25px;\" class=\"divider\"><\/div><\/div><div class=\"team-member\" data-style=\"bio_fullscreen\"><div class=\"team-member-image\"><div class=\"team-member-image-inner\"><img loading=\"lazy\" decoding=\"async\" src=\"https:\/\/luxurypremiumservices.com\/wp-content\/uploads\/2023\/03\/Porsche-Tayca-Resize.jpg\" width=\"500\" height=\"500\" alt=\"\" \/><\/div><\/div><div class=\"team-member-overlay\"><\/div>\n    <div class=\"team-meta\"><h3>PORSCHE TAYCAN<\/h3><p>Luxury Premium Services<\/p><div class=\"arrow-end fa fa-angle-right\"><\/div><div class=\"arrow-line\"><\/div><\/div>\n    <div class=\"nectar_team_bio_img\" data-img-src=\"\"><\/div>\n    <div class=\"nectar_team_bio\">DEMANDER VOTRE DEVIS<div class=\"bottom_meta\"><\/div><\/div>\n    <\/div><div class=\"divider-wrap\" data-alignment=\"default\"><div style=\"height: 25px;\" class=\"divider\"><\/div><\/div><div class=\"team-member\" data-style=\"bio_fullscreen\"><div class=\"team-member-image\"><div class=\"team-member-image-inner\"><img loading=\"lazy\" decoding=\"async\" src=\"https:\/\/luxurypremiumservices.com\/wp-content\/uploads\/2023\/03\/Lambourghini-Avantador.jpeg\" width=\"500\" height=\"500\" alt=\"\" \/><\/div><\/div><div class=\"team-member-overlay\"><\/div>\n    <div class=\"team-meta\"><h3>LAMBORGHINI AVANTADOR<\/h3><p>Luxury Premium Services<\/p><div class=\"arrow-end fa fa-angle-right\"><\/div><div class=\"arrow-line\"><\/div><\/div>\n    <div class=\"nectar_team_bio_img\" data-img-src=\"\"><\/div>\n    <div class=\"nectar_team_bio\">DEMANDER VOTRE DEVIS<div class=\"bottom_meta\"><\/div><\/div>\n    <\/div>\n\t\t<\/div> \n\t<\/div>\n\t<\/div> \n\n\t<div  class=\"vc_col-sm-4 wpb_column column_container vc_column_container col child_column has-animation no-extra-padding inherit_tablet inherit_phone\"   data-padding-pos=\"all\" data-has-bg-color=\"false\" data-bg-color=\"\" data-bg-opacity=\"1\" data-animation=\"grow-in\" data-delay=\"0\" >\n\t\t<div class=\"vc_column-inner\" >\n\t\t<div class=\"wpb_wrapper\">\n\t\t\t<div class=\"team-member\" data-style=\"bio_fullscreen\"><div class=\"team-member-image\"><div class=\"team-member-image-inner\"><img loading=\"lazy\" decoding=\"async\" src=\"https:\/\/luxurypremiumservices.com\/wp-content\/uploads\/2023\/03\/Mercedes-Amg-GT-resize.jpg\" width=\"500\" height=\"500\" alt=\"\" \/><\/div><\/div><div class=\"team-member-overlay\"><\/div>\n    <div class=\"team-meta\"><h3>MERCEDES AMG GT<\/h3><p>Luxury Premium Services<\/p><div class=\"arrow-end fa fa-angle-right\"><\/div><div class=\"arrow-line\"><\/div><\/div>\n    <div class=\"nectar_team_bio_img\" data-img-src=\"\"><\/div>\n    <div class=\"nectar_team_bio\">DEMANDER VOTRE DEVIS<div class=\"bottom_meta\"><\/div><\/div>\n    <\/div><div class=\"divider-wrap\" data-alignment=\"default\"><div style=\"height: 25px;\" class=\"divider\"><\/div><\/div><div class=\"team-member\" data-style=\"bio_fullscreen\"><div class=\"team-member-image\"><div class=\"team-member-image-inner\"><img loading=\"lazy\" decoding=\"async\" src=\"https:\/\/luxurypremiumservices.com\/wp-content\/uploads\/2023\/03\/Range-Rover-Sport-Resize.jpg\" width=\"500\" height=\"500\" alt=\"\" \/><\/div><\/div><div class=\"team-member-overlay\"><\/div>\n    <div class=\"team-meta\"><h3>RANGE ROVER SPORT<\/h3><p>Luxury Premium Services<\/p><div class=\"arrow-end fa fa-angle-right\"><\/div><div class=\"arrow-line\"><\/div><\/div>\n    <div class=\"nectar_team_bio_img\" data-img-src=\"\"><\/div>\n    <div class=\"nectar_team_bio\">JOURN\u00c9E : 1000\u20ac<div class=\"bottom_meta\"><\/div><\/div>\n    <\/div><div class=\"divider-wrap\" data-alignment=\"default\"><div style=\"height: 25px;\" class=\"divider\"><\/div><\/div><div class=\"team-member\" data-style=\"bio_fullscreen\"><div class=\"team-member-image\"><div class=\"team-member-image-inner\"><img loading=\"lazy\" decoding=\"async\" src=\"https:\/\/luxurypremiumservices.com\/wp-content\/uploads\/2023\/03\/Land-Rover-Defender-Resize.jpg\" width=\"500\" height=\"500\" alt=\"\" \/><\/div><\/div><div class=\"team-member-overlay\"><\/div>\n    <div class=\"team-meta\"><h3>LAND ROVER DEFENDER<\/h3><p>Luxury Premium Services<\/p><div class=\"arrow-end fa fa-angle-right\"><\/div><div class=\"arrow-line\"><\/div><\/div>\n    <div class=\"nectar_team_bio_img\" data-img-src=\"\"><\/div>\n    <div class=\"nectar_team_bio\">DEMANDER VOTRE DEVIS<div class=\"bottom_meta\"><\/div><\/div>\n    <\/div><div class=\"divider-wrap\" data-alignment=\"default\"><div style=\"height: 25px;\" class=\"divider\"><\/div><\/div><div class=\"team-member\" data-style=\"bio_fullscreen\"><div class=\"team-member-image\"><div class=\"team-member-image-inner\"><img loading=\"lazy\" decoding=\"async\" src=\"https:\/\/luxurypremiumservices.com\/wp-content\/uploads\/2023\/03\/Ferrari-458.jpeg\" width=\"500\" height=\"500\" alt=\"\" \/><\/div><\/div><div class=\"team-member-overlay\"><\/div>\n    <div class=\"team-meta\"><h3>PORSCHE 458<\/h3><p>Luxury Premium Services<\/p><div class=\"arrow-end fa fa-angle-right\"><\/div><div class=\"arrow-line\"><\/div><\/div>\n    <div class=\"nectar_team_bio_img\" data-img-src=\"\"><\/div>\n    <div class=\"nectar_team_bio\">DEMANDER VOTRE DEVIS<div class=\"bottom_meta\"><\/div><\/div>\n    <\/div>\n\t\t<\/div> \n\t<\/div>\n\t<\/div> \n<\/div><\/div>\n<div class=\"wpb_text_column wpb_content_element\" >\n\t<div class=\"wpb_wrapper\">\n\t\t<p style=\"text-align: center;\"><strong>Other models on request<\/strong><\/p>\n\t<\/div>\n<\/div>\n\n\n\n\n\t\t\t<\/div> \n\t\t<\/div>\n\t<\/div> \n<\/div><\/div>\n\t\t<div id=\"fws_69f0cd9b4583c\"  data-column-margin=\"default\" data-midnight=\"dark\"  class=\"wpb_row vc_row-fluid vc_row\"  style=\"padding-top: 0px; padding-bottom: 0px; \"><div class=\"row-bg-wrap\" data-bg-animation=\"none\" data-bg-animation-delay=\"\" data-bg-overlay=\"false\"><div class=\"inner-wrap row-bg-layer\" ><div class=\"row-bg viewport-desktop\"  style=\"\"><\/div><\/div><\/div><div class=\"row_col_wrap_12 col span_12 dark left\">\n\t<div  class=\"vc_col-sm-12 wpb_column column_container vc_column_container col no-extra-padding inherit_tablet inherit_phone\"  data-padding-pos=\"all\" data-has-bg-color=\"false\" data-bg-color=\"\" data-bg-opacity=\"1\" data-animation=\"\" data-delay=\"0\" >\n\t\t<div class=\"vc_column-inner\" >\n\t\t\t<div class=\"wpb_wrapper\">\n\t\t\t\t\n<div class=\"wpb_text_column wpb_content_element\" >\n\t<div class=\"wpb_wrapper\">\n\t\t\t<\/div>\n<\/div>\n\n\n\n\n\t\t\t<\/div> \n\t\t<\/div>\n\t<\/div> \n<\/div><\/div>","protected":false},"excerpt":{"rendered":"LP RENT LP RENT vous propose une large gamme de v\u00e9hicules de luxe adapt\u00e9e \u00e0...","protected":false},"author":1,"featured_media":0,"parent":0,"menu_order":0,"comment_status":"closed","ping_status":"closed","template":"","meta":{"footnotes":""},"class_list":["post-6335","page","type-page","status-publish"],"yoast_head":"<!-- This site is optimized with the Yoast SEO plugin v27.4 - https:\/\/yoast.com\/product\/yoast-seo-wordpress\/ -->\n<title>LP Rent - luxury premium services<\/title>\n<meta name=\"robots\" content=\"index, follow, max-snippet:-1, max-image-preview:large, max-video-preview:-1\" \/>\n<link rel=\"canonical\" href=\"https:\/\/luxurypremiumservices.com\/en\/lp-rent\/\" \/>\n<meta property=\"og:locale\" content=\"en_GB\" \/>\n<meta property=\"og:type\" content=\"article\" \/>\n<meta property=\"og:title\" content=\"LP Rent - luxury premium services\" \/>\n<meta property=\"og:url\" content=\"https:\/\/luxurypremiumservices.com\/en\/lp-rent\/\" \/>\n<meta property=\"og:site_name\" content=\"luxury premium services\" \/>\n<meta property=\"article:modified_time\" content=\"2023-03-20T09:37:37+00:00\" \/>\n<meta name=\"twitter:card\" content=\"summary_large_image\" \/>\n<meta name=\"twitter:label1\" content=\"Estimated reading time\" \/>\n\t<meta name=\"twitter:data1\" content=\"3 minutes\" \/>\n<script type=\"application\/ld+json\" class=\"yoast-schema-graph\">{\"@context\":\"https:\\\/\\\/schema.org\",\"@graph\":[{\"@type\":\"WebPage\",\"@id\":\"https:\\\/\\\/luxurypremiumservices.com\\\/lp-rent\\\/\",\"url\":\"https:\\\/\\\/luxurypremiumservices.com\\\/lp-rent\\\/\",\"name\":\"LP Rent - luxury premium services\",\"isPartOf\":{\"@id\":\"https:\\\/\\\/luxurypremiumservices.com\\\/#website\"},\"datePublished\":\"2023-03-06T18:13:02+00:00\",\"dateModified\":\"2023-03-20T09:37:37+00:00\",\"breadcrumb\":{\"@id\":\"https:\\\/\\\/luxurypremiumservices.com\\\/lp-rent\\\/#breadcrumb\"},\"inLanguage\":\"en-GB\",\"potentialAction\":[{\"@type\":\"ReadAction\",\"target\":[\"https:\\\/\\\/luxurypremiumservices.com\\\/lp-rent\\\/\"]}]},{\"@type\":\"BreadcrumbList\",\"@id\":\"https:\\\/\\\/luxurypremiumservices.com\\\/lp-rent\\\/#breadcrumb\",\"itemListElement\":[{\"@type\":\"ListItem\",\"position\":1,\"name\":\"Home\",\"item\":\"https:\\\/\\\/luxurypremiumservices.com\\\/\"},{\"@type\":\"ListItem\",\"position\":2,\"name\":\"LP Rent\"}]},{\"@type\":\"WebSite\",\"@id\":\"https:\\\/\\\/luxurypremiumservices.com\\\/#website\",\"url\":\"https:\\\/\\\/luxurypremiumservices.com\\\/\",\"name\":\"luxury premium services\",\"description\":\"\",\"potentialAction\":[{\"@type\":\"SearchAction\",\"target\":{\"@type\":\"EntryPoint\",\"urlTemplate\":\"https:\\\/\\\/luxurypremiumservices.com\\\/?s={search_term_string}\"},\"query-input\":{\"@type\":\"PropertyValueSpecification\",\"valueRequired\":true,\"valueName\":\"search_term_string\"}}],\"inLanguage\":\"en-GB\"}]}<\/script>\n<!-- \/ Yoast SEO plugin. -->","yoast_head_json":{"title":"LP Rent - luxury premium services","robots":{"index":"index","follow":"follow","max-snippet":"max-snippet:-1","max-image-preview":"max-image-preview:large","max-video-preview":"max-video-preview:-1"},"canonical":"https:\/\/luxurypremiumservices.com\/en\/lp-rent\/","og_locale":"en_GB","og_type":"article","og_title":"LP Rent - luxury premium services","og_url":"https:\/\/luxurypremiumservices.com\/en\/lp-rent\/","og_site_name":"luxury premium services","article_modified_time":"2023-03-20T09:37:37+00:00","twitter_card":"summary_large_image","twitter_misc":{"Estimated reading time":"3 minutes"},"schema":{"@context":"https:\/\/schema.org","@graph":[{"@type":"WebPage","@id":"https:\/\/luxurypremiumservices.com\/lp-rent\/","url":"https:\/\/luxurypremiumservices.com\/lp-rent\/","name":"LP Rent - luxury premium services","isPartOf":{"@id":"https:\/\/luxurypremiumservices.com\/#website"},"datePublished":"2023-03-06T18:13:02+00:00","dateModified":"2023-03-20T09:37:37+00:00","breadcrumb":{"@id":"https:\/\/luxurypremiumservices.com\/lp-rent\/#breadcrumb"},"inLanguage":"en-GB","potentialAction":[{"@type":"ReadAction","target":["https:\/\/luxurypremiumservices.com\/lp-rent\/"]}]},{"@type":"BreadcrumbList","@id":"https:\/\/luxurypremiumservices.com\/lp-rent\/#breadcrumb","itemListElement":[{"@type":"ListItem","position":1,"name":"Home","item":"https:\/\/luxurypremiumservices.com\/"},{"@type":"ListItem","position":2,"name":"LP Rent"}]},{"@type":"WebSite","@id":"https:\/\/luxurypremiumservices.com\/#website","url":"https:\/\/luxurypremiumservices.com\/","name":"luxury premium services","description":"","potentialAction":[{"@type":"SearchAction","target":{"@type":"EntryPoint","urlTemplate":"https:\/\/luxurypremiumservices.com\/?s={search_term_string}"},"query-input":{"@type":"PropertyValueSpecification","valueRequired":true,"valueName":"search_term_string"}}],"inLanguage":"en-GB"}]}},"jetpack_sharing_enabled":true,"_links":{"self":[{"href":"https:\/\/luxurypremiumservices.com\/en\/wp-json\/wp\/v2\/pages\/6335","targetHints":{"allow":["GET"]}}],"collection":[{"href":"https:\/\/luxurypremiumservices.com\/en\/wp-json\/wp\/v2\/pages"}],"about":[{"href":"https:\/\/luxurypremiumservices.com\/en\/wp-json\/wp\/v2\/types\/page"}],"author":[{"embeddable":true,"href":"https:\/\/luxurypremiumservices.com\/en\/wp-json\/wp\/v2\/users\/1"}],"replies":[{"embeddable":true,"href":"https:\/\/luxurypremiumservices.com\/en\/wp-json\/wp\/v2\/comments?post=6335"}],"version-history":[{"count":56,"href":"https:\/\/luxurypremiumservices.com\/en\/wp-json\/wp\/v2\/pages\/6335\/revisions"}],"predecessor-version":[{"id":6727,"href":"https:\/\/luxurypremiumservices.com\/en\/wp-json\/wp\/v2\/pages\/6335\/revisions\/6727"}],"wp:attachment":[{"href":"https:\/\/luxurypremiumservices.com\/en\/wp-json\/wp\/v2\/media?parent=6335"}],"curies":[{"name":"wp","href":"https:\/\/api.w.org\/{rel}","templated":true}]}}